{"id":13,"date":"2023-12-30T11:31:20","date_gmt":"2023-12-30T10:31:20","guid":{"rendered":"http:\/\/calandreta-locigal.fr\/?page_id=13"},"modified":"2024-01-30T10:21:19","modified_gmt":"2024-01-30T09:21:19","slug":"la-vie-associative","status":"publish","type":"page","link":"https:\/\/calandreta-locigal.fr\/index.php\/la-vie-associative\/","title":{"rendered":"la vie associative"},"content":{"rendered":"\n<h2 class=\"wp-block-heading alignwide has-accent-3-color has-text-color has-link-color wp-elements-30ca670ed0ab50c197a607b949aaff17\" style=\"font-size:clamp(23.043px, 1.44rem + ((1vw - 3.2px) * 1.558), 38px);\"><strong>Le fonctionnement associatif<\/strong><\/h2>\n\n\n\n<div class=\"wp-block-columns alignwide is-layout-flex wp-container-core-columns-is-layout-28f84493 wp-block-columns-is-layout-flex\">\n<div class=\"wp-block-column is-layout-flow wp-block-column-is-layout-flow\">\n<p><strong>Lo Cigal est une association d\u00e9clar\u00e9e r\u00e9gie par la loi 1901<\/strong>. Sa gestion est assur\u00e9e par un Conseil d&rsquo;Administration et un Bureau : pr\u00e9sident(s), secr\u00e9taire(s), tr\u00e9sorier(s) et un charg\u00e9 de la liaison avec le mouvement calandreta. Chaque parent joue un r\u00f4le au sein de l&rsquo;association, en fonction de ses capacit\u00e9s.\u00a0<\/p>\n<\/div>\n<\/div>\n\n\n\n<div class=\"wp-block-columns alignwide is-layout-flex wp-container-core-columns-is-layout-28f84493 wp-block-columns-is-layout-flex\">\n<div class=\"wp-block-column is-layout-flow wp-block-column-is-layout-flow\">\n<p>\u00a0<strong>La r\u00e9partition des t\u00e2ches se fait au sein de commissions :<\/strong><\/p>\n\n\n\n<p><br>&#8211; <strong>La commission Vie de l&rsquo;\u00e9cole<\/strong> : proche des enseignants et des animateurs, les membres de cette commission r\u00e9pondent aux besoins de l&rsquo;\u00e9quipe p\u00e9dagogique au quotidien.<\/p>\n\n\n\n<p><br>&#8211;<strong> La commission Technique<\/strong> : elle r\u00e9pond\u00a0aux besoins en termes de travaux, de l&rsquo;\u00e9tag\u00e8re \u00e0 fixer\u00a0au gros \u0153uvre.<\/p>\n\n\n\n<p><br>&#8211; <strong>La commission Gestion<\/strong> : elle travaille en collaboration avec le tr\u00e9sorier pour g\u00e9rer les parties administratives et comptables telles que\u00a0les budgets, les factures de garderie, les salaires&#8230;<\/p>\n<\/div>\n\n\n\n<div class=\"wp-block-column is-layout-flow wp-block-column-is-layout-flow\">\n<p>&#8211; <strong>La commission Festivit\u00e9s<\/strong> : elle coordonne les manifestations qui permettent d&rsquo;apporter des financements \u00e0 l&rsquo;\u00e9cole\u202f;\u00a0du vide-grenier au concert en passant par le loto, rien ne lui \u00e9chappe\u00a0(recherche de salle, mode de restauration, mat\u00e9riel \u00e0 pr\u00e9voir &#8230;)<\/p>\n\n\n\n<p><br>&#8211; <strong>La commission Communication<\/strong> :\u00a0elle organise les op\u00e9rations d&rsquo;affichage\u00a0de nos festivit\u00e9s, prend contact avec la presse et peut aussi mettre en place des financements participatifs ou d&rsquo;autres formes de m\u00e9c\u00e9nat<br><\/p>\n\n\n\n<p>&#8211; <strong>La commission Total Festum<\/strong> : elle organise et coordonne\u00a0le festival annuel\u00a0du m\u00eame nom, initi\u00e9 par la r\u00e9gion Occitanie,\u00a0qui se d\u00e9roule sur plusieurs jours (en mai et en juin)\u00a0afin de promouvoir la langue et la culture occitane sur le territoire Sud Minervois\u00a0(dossiers de financement, organisation des activit\u00e9s gratuites et ateliers pour petits et grands,\u00a0concerts, repas, recherche de partenariat&#8230;).<\/p>\n<\/div>\n<\/div>\n\n\n\n<div style=\"height:50px\" aria-hidden=\"true\" class=\"wp-block-spacer\"><\/div>\n\n\n\n<div class=\"wp-block-columns alignwide is-layout-flex wp-container-core-columns-is-layout-28f84493 wp-block-columns-is-layout-flex\">\n<div class=\"wp-block-column is-layout-flow wp-block-column-is-layout-flow\">\n<p>Chaque parent s&rsquo;inscrit <strong>dans la commission de son choix<\/strong> en d\u00e9but d&rsquo;ann\u00e9e scolaire. Les parents se r\u00e9unissent tout au long de l&rsquo;ann\u00e9e en CA (conseil d&rsquo;administration)\u00a0afin de prendre<strong> ensemble les d\u00e9cisions concernant l&rsquo;\u00e9cole<\/strong>.<\/p>\n\n\n\n<p>Une assembl\u00e9e g\u00e9n\u00e9rale (AG) a lieu\u00a0chaque ann\u00e9e.<\/p>\n<\/div>\n<\/div>\n\n\n\n<p><br><\/p>\n\n\n\n<figure class=\"wp-block-gallery alignwide has-nested-images columns-2 is-cropped wp-block-gallery-1 is-layout-flex wp-block-gallery-is-layout-flex\">\n<figure class=\"wp-block-image size-large\"><img decoding=\"async\" width=\"683\" height=\"1024\" data-id=\"115\" data-src=\"https:\/\/calandreta-locigal.fr\/wp-content\/uploads\/2024\/01\/Carnaval-2023-26-683x1024.jpg\" alt=\"\" class=\"wp-image-115 lazyload\" data-srcset=\"https:\/\/calandreta-locigal.fr\/wp-content\/uploads\/2024\/01\/Carnaval-2023-26-683x1024.jpg 683w, https:\/\/calandreta-locigal.fr\/wp-content\/uploads\/2024\/01\/Carnaval-2023-26-200x300.jpg 200w, https:\/\/calandreta-locigal.fr\/wp-content\/uploads\/2024\/01\/Carnaval-2023-26-768x1152.jpg 768w, https:\/\/calandreta-locigal.fr\/wp-content\/uploads\/2024\/01\/Carnaval-2023-26-1024x1536.jpg 1024w, https:\/\/calandreta-locigal.fr\/wp-content\/uploads\/2024\/01\/Carnaval-2023-26-1366x2048.jpg 1366w, https:\/\/calandreta-locigal.fr\/wp-content\/uploads\/2024\/01\/Carnaval-2023-26-scaled.jpg 1707w\" data-sizes=\"(max-width: 683px) 100vw, 683px\" src=\"data:image\/svg+xml;base64,PHN2ZyB3aWR0aD0iMSIgaGVpZ2h0PSIxIiB4bWxucz0iaHR0cDovL3d3dy53My5vcmcvMjAwMC9zdmciPjwvc3ZnPg==\" style=\"--smush-placeholder-width: 683px; --smush-placeholder-aspect-ratio: 683\/1024;\" \/><\/figure>\n\n\n\n<figure class=\"wp-block-image size-large\"><img decoding=\"async\" width=\"1024\" height=\"683\" data-id=\"112\" data-src=\"https:\/\/calandreta-locigal.fr\/wp-content\/uploads\/2024\/01\/Carnaval-2023-21-1024x683.jpg\" alt=\"\" class=\"wp-image-112 lazyload\" data-srcset=\"https:\/\/calandreta-locigal.fr\/wp-content\/uploads\/2024\/01\/Carnaval-2023-21-1024x683.jpg 1024w, https:\/\/calandreta-locigal.fr\/wp-content\/uploads\/2024\/01\/Carnaval-2023-21-300x200.jpg 300w, https:\/\/calandreta-locigal.fr\/wp-content\/uploads\/2024\/01\/Carnaval-2023-21-768x512.jpg 768w, https:\/\/calandreta-locigal.fr\/wp-content\/uploads\/2024\/01\/Carnaval-2023-21-1536x1024.jpg 1536w, https:\/\/calandreta-locigal.fr\/wp-content\/uploads\/2024\/01\/Carnaval-2023-21-2048x1365.jpg 2048w\" data-sizes=\"(max-width: 1024px) 100vw, 1024px\" src=\"data:image\/svg+xml;base64,PHN2ZyB3aWR0aD0iMSIgaGVpZ2h0PSIxIiB4bWxucz0iaHR0cDovL3d3dy53My5vcmcvMjAwMC9zdmciPjwvc3ZnPg==\" style=\"--smush-placeholder-width: 1024px; --smush-placeholder-aspect-ratio: 1024\/683;\" \/><\/figure>\n\n\n\n<figure class=\"wp-block-image size-large\"><img decoding=\"async\" width=\"724\" height=\"1024\" data-id=\"101\" data-src=\"https:\/\/calandreta-locigal.fr\/wp-content\/uploads\/2023\/12\/780deb_5273d4db85104b2882116843be6888edmv2_d_1240_1754_s_2-724x1024.webp\" alt=\"\" class=\"wp-image-101 lazyload\" data-srcset=\"https:\/\/calandreta-locigal.fr\/wp-content\/uploads\/2023\/12\/780deb_5273d4db85104b2882116843be6888edmv2_d_1240_1754_s_2-724x1024.webp 724w, https:\/\/calandreta-locigal.fr\/wp-content\/uploads\/2023\/12\/780deb_5273d4db85104b2882116843be6888edmv2_d_1240_1754_s_2-212x300.webp 212w, https:\/\/calandreta-locigal.fr\/wp-content\/uploads\/2023\/12\/780deb_5273d4db85104b2882116843be6888edmv2_d_1240_1754_s_2-768x1086.webp 768w, https:\/\/calandreta-locigal.fr\/wp-content\/uploads\/2023\/12\/780deb_5273d4db85104b2882116843be6888edmv2_d_1240_1754_s_2.webp 844w\" data-sizes=\"(max-width: 724px) 100vw, 724px\" src=\"data:image\/svg+xml;base64,PHN2ZyB3aWR0aD0iMSIgaGVpZ2h0PSIxIiB4bWxucz0iaHR0cDovL3d3dy53My5vcmcvMjAwMC9zdmciPjwvc3ZnPg==\" style=\"--smush-placeholder-width: 724px; --smush-placeholder-aspect-ratio: 724\/1024;\" \/><\/figure>\n\n\n\n<figure class=\"wp-block-image size-large\"><img decoding=\"async\" width=\"276\" height=\"515\" data-id=\"100\" data-src=\"https:\/\/calandreta-locigal.fr\/wp-content\/uploads\/2023\/12\/780deb_b956ed46717d415382d48f9a9a498656mv2.webp\" alt=\"\" class=\"wp-image-100 lazyload\" data-srcset=\"https:\/\/calandreta-locigal.fr\/wp-content\/uploads\/2023\/12\/780deb_b956ed46717d415382d48f9a9a498656mv2.webp 276w, https:\/\/calandreta-locigal.fr\/wp-content\/uploads\/2023\/12\/780deb_b956ed46717d415382d48f9a9a498656mv2-161x300.webp 161w\" data-sizes=\"(max-width: 276px) 100vw, 276px\" src=\"data:image\/svg+xml;base64,PHN2ZyB3aWR0aD0iMSIgaGVpZ2h0PSIxIiB4bWxucz0iaHR0cDovL3d3dy53My5vcmcvMjAwMC9zdmciPjwvc3ZnPg==\" style=\"--smush-placeholder-width: 276px; --smush-placeholder-aspect-ratio: 276\/515;\" \/><\/figure>\n\n\n\n<figure class=\"wp-block-image size-large\"><img decoding=\"async\" width=\"569\" height=\"1024\" data-id=\"102\" data-src=\"https:\/\/calandreta-locigal.fr\/wp-content\/uploads\/2023\/12\/780deb_1937d50dc48f4b20b4f621842fb2a071mv2-569x1024.webp\" alt=\"\" class=\"wp-image-102 lazyload\" data-srcset=\"https:\/\/calandreta-locigal.fr\/wp-content\/uploads\/2023\/12\/780deb_1937d50dc48f4b20b4f621842fb2a071mv2-569x1024.webp 569w, https:\/\/calandreta-locigal.fr\/wp-content\/uploads\/2023\/12\/780deb_1937d50dc48f4b20b4f621842fb2a071mv2-167x300.webp 167w, https:\/\/calandreta-locigal.fr\/wp-content\/uploads\/2023\/12\/780deb_1937d50dc48f4b20b4f621842fb2a071mv2.webp 640w\" data-sizes=\"(max-width: 569px) 100vw, 569px\" src=\"data:image\/svg+xml;base64,PHN2ZyB3aWR0aD0iMSIgaGVpZ2h0PSIxIiB4bWxucz0iaHR0cDovL3d3dy53My5vcmcvMjAwMC9zdmciPjwvc3ZnPg==\" style=\"--smush-placeholder-width: 569px; --smush-placeholder-aspect-ratio: 569\/1024;\" \/><\/figure>\n\n\n\n<figure class=\"wp-block-image size-large\"><img decoding=\"async\" width=\"1024\" height=\"683\" data-id=\"113\" data-src=\"https:\/\/calandreta-locigal.fr\/wp-content\/uploads\/2024\/01\/Carnaval-2023-23-1024x683.jpg\" alt=\"\" class=\"wp-image-113 lazyload\" data-srcset=\"https:\/\/calandreta-locigal.fr\/wp-content\/uploads\/2024\/01\/Carnaval-2023-23-1024x683.jpg 1024w, https:\/\/calandreta-locigal.fr\/wp-content\/uploads\/2024\/01\/Carnaval-2023-23-300x200.jpg 300w, https:\/\/calandreta-locigal.fr\/wp-content\/uploads\/2024\/01\/Carnaval-2023-23-768x512.jpg 768w, https:\/\/calandreta-locigal.fr\/wp-content\/uploads\/2024\/01\/Carnaval-2023-23-1536x1024.jpg 1536w, https:\/\/calandreta-locigal.fr\/wp-content\/uploads\/2024\/01\/Carnaval-2023-23-2048x1365.jpg 2048w\" data-sizes=\"(max-width: 1024px) 100vw, 1024px\" src=\"data:image\/svg+xml;base64,PHN2ZyB3aWR0aD0iMSIgaGVpZ2h0PSIxIiB4bWxucz0iaHR0cDovL3d3dy53My5vcmcvMjAwMC9zdmciPjwvc3ZnPg==\" style=\"--smush-placeholder-width: 1024px; --smush-placeholder-aspect-ratio: 1024\/683;\" \/><\/figure>\n\n\n\n<figure class=\"wp-block-image size-large\"><img decoding=\"async\" width=\"1024\" height=\"683\" data-id=\"118\" data-src=\"https:\/\/calandreta-locigal.fr\/wp-content\/uploads\/2024\/01\/Carnaval-2023-37-1024x683.jpg\" alt=\"\" class=\"wp-image-118 lazyload\" data-srcset=\"https:\/\/calandreta-locigal.fr\/wp-content\/uploads\/2024\/01\/Carnaval-2023-37-1024x683.jpg 1024w, https:\/\/calandreta-locigal.fr\/wp-content\/uploads\/2024\/01\/Carnaval-2023-37-300x200.jpg 300w, https:\/\/calandreta-locigal.fr\/wp-content\/uploads\/2024\/01\/Carnaval-2023-37-768x512.jpg 768w, https:\/\/calandreta-locigal.fr\/wp-content\/uploads\/2024\/01\/Carnaval-2023-37-1536x1024.jpg 1536w, https:\/\/calandreta-locigal.fr\/wp-content\/uploads\/2024\/01\/Carnaval-2023-37-2048x1365.jpg 2048w\" data-sizes=\"(max-width: 1024px) 100vw, 1024px\" src=\"data:image\/svg+xml;base64,PHN2ZyB3aWR0aD0iMSIgaGVpZ2h0PSIxIiB4bWxucz0iaHR0cDovL3d3dy53My5vcmcvMjAwMC9zdmciPjwvc3ZnPg==\" style=\"--smush-placeholder-width: 1024px; --smush-placeholder-aspect-ratio: 1024\/683;\" \/><\/figure>\n\n\n\n<figure class=\"wp-block-image size-large\"><img decoding=\"async\" width=\"1024\" height=\"683\" data-id=\"117\" data-src=\"https:\/\/calandreta-locigal.fr\/wp-content\/uploads\/2024\/01\/Carnaval-2023-32-1024x683.jpg\" alt=\"\" class=\"wp-image-117 lazyload\" data-srcset=\"https:\/\/calandreta-locigal.fr\/wp-content\/uploads\/2024\/01\/Carnaval-2023-32-1024x683.jpg 1024w, https:\/\/calandreta-locigal.fr\/wp-content\/uploads\/2024\/01\/Carnaval-2023-32-300x200.jpg 300w, https:\/\/calandreta-locigal.fr\/wp-content\/uploads\/2024\/01\/Carnaval-2023-32-768x512.jpg 768w, https:\/\/calandreta-locigal.fr\/wp-content\/uploads\/2024\/01\/Carnaval-2023-32-1536x1024.jpg 1536w, https:\/\/calandreta-locigal.fr\/wp-content\/uploads\/2024\/01\/Carnaval-2023-32-2048x1365.jpg 2048w\" data-sizes=\"(max-width: 1024px) 100vw, 1024px\" src=\"data:image\/svg+xml;base64,PHN2ZyB3aWR0aD0iMSIgaGVpZ2h0PSIxIiB4bWxucz0iaHR0cDovL3d3dy53My5vcmcvMjAwMC9zdmciPjwvc3ZnPg==\" style=\"--smush-placeholder-width: 1024px; --smush-placeholder-aspect-ratio: 1024\/683;\" \/><\/figure>\n<\/figure>\n\n\n\n<div class=\"wp-block-columns is-layout-flex wp-container-core-columns-is-layout-28f84493 wp-block-columns-is-layout-flex\"><\/div>\n\n\n\n<div class=\"wp-block-columns alignfull has-text-color has-background is-layout-flex wp-container-core-columns-is-layout-28f84493 wp-block-columns-is-layout-flex\" style=\"color:#000000;background-color:#ffffff\">\n<div class=\"wp-block-column is-layout-flow wp-block-column-is-layout-flow\">\n<h3 class=\"wp-block-heading\" style=\"font-size:clamp(15.747px, 0.984rem + ((1vw - 3.2px) * 0.86), 24px);line-height:1.3\"><strong><a href=\"http:\/\/wordpress.org\">Visite virtuelle \u2197<\/a><\/strong><\/h3>\n\n\n\n<p>Parcourez le mus\u00e9e depuis votre ordinateur. Id\u00e9al pour les \u00e9coles et les \u00e9v\u00e9nements.<\/p>\n<\/div>\n\n\n\n<div class=\"wp-block-column is-layout-flow wp-block-column-is-layout-flow\">\n<h3 class=\"wp-block-heading\" style=\"font-size:clamp(15.747px, 0.984rem + ((1vw - 3.2px) * 0.86), 24px);line-height:1.3\"><strong><a href=\"https:\/\/wordpress.org\">Expos actuelles \u2197<\/a><\/strong><\/h3>\n\n\n\n<p>Suivez nos actualit\u00e9s et parcourez nos expositions en cours ici.<\/p>\n<\/div>\n\n\n\n<div class=\"wp-block-column is-layout-flow wp-block-column-is-layout-flow\">\n<h3 class=\"wp-block-heading\" style=\"font-size:clamp(15.747px, 0.984rem + ((1vw - 3.2px) * 0.86), 24px);line-height:1.3\"><strong><a href=\"https:\/\/wordpress.org\">Infos utiles \u2197<\/a><\/strong><\/h3>\n\n\n\n<p>D\u00e9couvrez nos horaires d\u2019ouverture, les prix des billets et les r\u00e9ductions.<\/p>\n<\/div>\n<\/div>\n","protected":false},"excerpt":{"rendered":"<p>Le fonctionnement associatif Lo Cigal est une association d\u00e9clar\u00e9e r\u00e9gie par la loi 1901. Sa gestion est assur\u00e9e par un Conseil d&rsquo;Administration et un Bureau : pr\u00e9sident(s), secr\u00e9taire(s), tr\u00e9sorier(s) et un charg\u00e9 de la liaison avec le mouvement calandreta. Chaque parent joue un r\u00f4le au sein de l&rsquo;association, en fonction de ses capacit\u00e9s.\u00a0 \u00a0La r\u00e9partition [&hellip;]<\/p>\n","protected":false},"author":1,"featured_media":0,"parent":0,"menu_order":0,"comment_status":"closed","ping_status":"closed","template":"","meta":{"footnotes":""},"class_list":["post-13","page","type-page","status-publish","hentry"],"_links":{"self":[{"href":"https:\/\/calandreta-locigal.fr\/index.php\/wp-json\/wp\/v2\/pages\/13","targetHints":{"allow":["GET"]}}],"collection":[{"href":"https:\/\/calandreta-locigal.fr\/index.php\/wp-json\/wp\/v2\/pages"}],"about":[{"href":"https:\/\/calandreta-locigal.fr\/index.php\/wp-json\/wp\/v2\/types\/page"}],"author":[{"embeddable":true,"href":"https:\/\/calandreta-locigal.fr\/index.php\/wp-json\/wp\/v2\/users\/1"}],"replies":[{"embeddable":true,"href":"https:\/\/calandreta-locigal.fr\/index.php\/wp-json\/wp\/v2\/comments?post=13"}],"version-history":[{"count":15,"href":"https:\/\/calandreta-locigal.fr\/index.php\/wp-json\/wp\/v2\/pages\/13\/revisions"}],"predecessor-version":[{"id":140,"href":"https:\/\/calandreta-locigal.fr\/index.php\/wp-json\/wp\/v2\/pages\/13\/revisions\/140"}],"wp:attachment":[{"href":"https:\/\/calandreta-locigal.fr\/index.php\/wp-json\/wp\/v2\/media?parent=13"}],"curies":[{"name":"wp","href":"https:\/\/api.w.org\/{rel}","templated":true}]}}